{"id":21327,"date":"2022-05-30T22:07:22","date_gmt":"2022-05-30T20:07:22","guid":{"rendered":"https:\/\/staging.hergom.eurocastaliahost4.com\/stoves\/"},"modified":"2023-11-23T12:39:28","modified_gmt":"2023-11-23T11:39:28","slug":"stoves","status":"publish","type":"page","link":"https:\/\/staging.hergom.eurocastaliahost4.com\/en\/stoves\/","title":{"rendered":"Stoves"},"content":{"rendered":"<p><div class=\"fusion-fullwidth fullwidth-box fusion-builder-row-1 nonhundred-percent-fullwidth non-hundred-percent-height-scrolling\" style=\"--awb-border-radius-top-left:0px;--awb-border-radius-top-right:0px;--awb-border-radius-bottom-right:0px;--awb-border-radius-bottom-left:0px;--awb-padding-top:0px;--awb-padding-bottom:0px;--awb-margin-top:0px;--awb-margin-bottom:0px;--awb-flex-wrap:wrap;\" id=\"contenedorDescripcionTaxonomia\" ><div class=\"fusion-builder-row fusion-row\"><div class=\"fusion-layout-column fusion_builder_column fusion-builder-column-0 fusion_builder_column_1_1 1_1 fusion-one-full fusion-column-first fusion-column-last\" style=\"--awb-bg-size:cover;\" id=\"contenidoDescripcionTaxonomia\"><div class=\"fusion-column-wrapper fusion-column-has-shadow fusion-flex-column-wrapper-legacy\"><div class=\"fusion-title title fusion-title-1 fusion-sep-none fusion-title-text fusion-title-size-one tituloH1Apartado\" style=\"--awb-text-color:#c70c26;--awb-margin-bottom:0px;--awb-margin-bottom-small:0px;--awb-font-size:2.6rem;\"><h1 class=\"fusion-title-heading title-heading-left\" style=\"font-family:&quot;Fira Sans&quot;;font-style:italic;font-weight:700;margin:0;font-size:1em;text-transform:none;line-height:125%;\"><\/h1><\/div><div class=\"fusion-title title fusion-title-2 fusion-sep-none fusion-title-text fusion-title-size-one\" style=\"--awb-text-color:#c70c26;--awb-margin-bottom:0px;--awb-margin-bottom-small:0px;--awb-font-size:3rem;\"><h1 class=\"fusion-title-heading title-heading-left\" style=\"font-family:&quot;Fira Sans&quot;;font-style:italic;font-weight:600;margin:0;font-size:1em;line-height:125%;\">Stoves: tradition and technology for efficient heat<\/h1><\/div><div class=\"fusion-text fusion-text-1\"><\/div><div class=\"fusion-text fusion-text-2 fusion-text-no-margin textoEditor\" style=\"--awb-font-size:1.6rem;--awb-line-height:150%;--awb-margin-top:24px;--awb-margin-right:0px;--awb-margin-bottom:0px;--awb-margin-left:0px;--awb-text-font-family:&quot;Fira Sans&quot;;--awb-text-font-style:normal;--awb-text-font-weight:400;\"><p>In order to ensure that our stoves are ecological, economic and safe, we carry out constant innovation and development work. Above all, we have perfected technical details for their complete adaptation to the Ecodesign regulations, with the redesigning of the combustion chambers to improve the efficient use of the wood or the incorporation of airflow and adjustment that allows a complete control of the heating power and wood consumption.<\/p>\n<\/div><div class=\"fusion-clearfix\"><\/div><\/div><\/div><\/div><\/div><div class=\"fusion-fullwidth fullwidth-box fusion-builder-row-2 fusion-parallax-none hundred-percent-fullwidth non-hundred-percent-height-scrolling fusion-no-small-visibility fusion-no-medium-visibility lazyload\" style=\"--awb-border-radius-top-left:0px;--awb-border-radius-top-right:0px;--awb-border-radius-bottom-right:0px;--awb-border-radius-bottom-left:0px;--awb-padding-top:10%;--awb-padding-right:0px;--awb-padding-bottom:10%;--awb-padding-left:0px;--awb-margin-top:32px;--awb-margin-bottom:0px;--awb-background-size:cover;--awb-flex-wrap:wrap;\" data-bg=\"https:\/\/staging.hergom.eurocastaliahost4.com\/wp-content\/uploads\/2022\/08\/estufa-ambiente.jpg\" ><div class=\"fusion-builder-row fusion-row\"><div class=\"fusion-layout-column fusion_builder_column fusion-builder-column-1 fusion_builder_column_1_1 1_1 fusion-one-full fusion-column-first fusion-column-last\" style=\"--awb-bg-size:cover;\" id=\"contenidoBanda\"><div class=\"fusion-column-wrapper fusion-column-has-shadow fusion-flex-column-wrapper-legacy\"><div class=\"fusion-clearfix\"><\/div><\/div><\/div><\/div><\/div><div class=\"fusion-fullwidth fullwidth-box fusion-builder-row-3 hundred-percent-fullwidth non-hundred-percent-height-scrolling fusion-no-large-visibility\" style=\"--awb-border-radius-top-left:0px;--awb-border-radius-top-right:0px;--awb-border-radius-bottom-right:0px;--awb-border-radius-bottom-left:0px;--awb-padding-top:0px;--awb-padding-right:0px;--awb-padding-bottom:0px;--awb-padding-left:0px;--awb-margin-top:32px;--awb-margin-bottom:0px;--awb-flex-wrap:wrap;\" id=\"contenedorBanda\" ><div class=\"fusion-builder-row fusion-row\"><div class=\"fusion-layout-column fusion_builder_column fusion-builder-column-2 fusion_builder_column_1_1 1_1 fusion-one-full fusion-column-first fusion-column-last\" style=\"--awb-bg-size:cover;\" id=\"contenidoBanda\"><div class=\"fusion-column-wrapper fusion-column-has-shadow fusion-flex-column-wrapper-legacy\"><div class=\"fusion-image-element fusion-image-align-center in-legacy-container\" style=\"text-align:center;--awb-margin-top:0px;--awb-margin-right:0px;--awb-margin-bottom:0px;--awb-margin-left:0px;--awb-caption-title-font-family:var(--h2_typography-font-family);--awb-caption-title-font-weight:var(--h2_typography-font-weight);--awb-caption-title-font-style:var(--h2_typography-font-style);--awb-caption-title-size:var(--h2_typography-font-size);--awb-caption-title-transform:var(--h2_typography-text-transform);--awb-caption-title-line-height:var(--h2_typography-line-height);--awb-caption-title-letter-spacing:var(--h2_typography-letter-spacing);\"><div class=\"imageframe-align-center\"><span class=\" fusion-imageframe imageframe-none imageframe-1 hover-type-none\"><img decoding=\"async\" width=\"1800\" height=\"700\" title=\"banda-movil-estufas\" src=\"https:\/\/staging.hergom.eurocastaliahost4.com\/wp-content\/uploads\/2022\/08\/banda-movil-estufas.jpg\" data-orig-src=\"https:\/\/staging.hergom.eurocastaliahost4.com\/wp-content\/uploads\/2022\/08\/banda-movil-estufas.jpg\" alt class=\"lazyload img-responsive wp-image-15151\" srcset=\"data:image\/svg+xml,%3Csvg%20xmlns%3D%27http%3A%2F%2Fwww.w3.org%2F2000%2Fsvg%27%20width%3D%271800%27%20height%3D%27700%27%20viewBox%3D%270%200%201800%20700%27%3E%3Crect%20width%3D%271800%27%20height%3D%27700%27%20fill-opacity%3D%220%22%2F%3E%3C%2Fsvg%3E\" data-srcset=\"https:\/\/staging.hergom.eurocastaliahost4.com\/wp-content\/uploads\/2022\/08\/banda-movil-estufas-200x78.jpg 200w, https:\/\/staging.hergom.eurocastaliahost4.com\/wp-content\/uploads\/2022\/08\/banda-movil-estufas-400x156.jpg 400w, https:\/\/staging.hergom.eurocastaliahost4.com\/wp-content\/uploads\/2022\/08\/banda-movil-estufas-600x233.jpg 600w, https:\/\/staging.hergom.eurocastaliahost4.com\/wp-content\/uploads\/2022\/08\/banda-movil-estufas-800x311.jpg 800w, https:\/\/staging.hergom.eurocastaliahost4.com\/wp-content\/uploads\/2022\/08\/banda-movil-estufas-1200x467.jpg 1200w, https:\/\/staging.hergom.eurocastaliahost4.com\/wp-content\/uploads\/2022\/08\/banda-movil-estufas.jpg 1800w\" data-sizes=\"auto\" data-orig-sizes=\"(max-width: 800px) 100vw, 1800px\" \/><\/span><\/div><\/div><div class=\"fusion-clearfix\"><\/div><\/div><\/div><\/div><\/div><div class=\"fusion-fullwidth fullwidth-box fusion-builder-row-4 contenedorCategoria nonhundred-percent-fullwidth non-hundred-percent-height-scrolling fusion-animated\" style=\"--awb-border-radius-top-left:0px;--awb-border-radius-top-right:0px;--awb-border-radius-bottom-right:0px;--awb-border-radius-bottom-left:0px;--awb-padding-top:0px;--awb-padding-bottom:0px;--awb-margin-top:32px;--awb-margin-bottom:0px;--awb-flex-wrap:wrap;\" data-animationType=\"fadeInRight\" data-animationDuration=\"0.8\" data-animationOffset=\"top-into-view\" ><div class=\"fusion-builder-row fusion-row\"><div class=\"fusion-layout-column fusion_builder_column fusion-builder-column-3 fusion_builder_column_1_2 1_2 fusion-one-half fusion-column-first colFlex datos\" style=\"--awb-bg-size:cover;width:50%;width:calc(50% - ( ( 0px ) * 0.5 ) );margin-right: 0px;\"><div class=\"fusion-column-wrapper fusion-column-has-shadow fusion-flex-column-wrapper-legacy\"><div class=\"fusion-title title fusion-title-3 fusion-sep-none fusion-title-text fusion-title-size-one tituloH1Apartado\" style=\"--awb-text-color:#c70c26;--awb-margin-bottom:0px;--awb-margin-bottom-small:0px;--awb-font-size:2.4rem;\"><h1 class=\"fusion-title-heading title-heading-left\" style=\"font-family:&quot;Fira Sans&quot;;font-style:italic;font-weight:500;margin:0;font-size:1em;line-height:125%;\">Wood-burning stoves<\/h1><\/div><div class=\"fusion-text fusion-text-3 fusion-text-no-margin textoEditor\" style=\"--awb-font-size:1.6rem;--awb-line-height:150%;--awb-margin-top:24px;--awb-margin-right:0px;--awb-margin-bottom:32px;--awb-margin-left:0px;--awb-text-font-family:&quot;Fira Sans&quot;;--awb-text-font-style:normal;--awb-text-font-weight:400;\"><p>Our wood-burning models have classic, timeless lines, complemented with more modern proposals. Built as always, with a commitment to the excellent thermal behaviour of the company&#8217;s brand of cast iron, but with all the technical innovations to make them safer, cleaner, more efficient and ecological.<\/p>\n<\/div><div class=\"fusion-button-wrapper\"><a class=\"fusion-button button-flat fusion-button-default-size button-custom fusion-button-default button-1 fusion-button-default-span fusion-button-default-type btn\" style=\"--button_accent_color:#ffffff;--button_border_color:#ad001c;--button_accent_hover_color:#ffffff;--button_border_hover_color:#000000;--button_border_width-top:1px;--button_border_width-right:1px;--button_border_width-bottom:1px;--button_border_width-left:1px;--button-border-radius-top-left:12px;--button-border-radius-top-right:12px;--button-border-radius-bottom-right:12px;--button-border-radius-bottom-left:12px;--button_gradient_top_color:#ad001c;--button_gradient_bottom_color:#ad001c;--button_gradient_top_color_hover:#000000;--button_gradient_bottom_color_hover:#000000;--button_text_transform:none;--button_font_size:1.6rem;--button_line_height:125%;--button_padding-top:16px;--button_padding-right:16px;--button_padding-bottom:16px;--button_padding-left:16px;--button_typography-font-family:&quot;Fira Sans&quot;;--button_typography-font-style:normal;--button_typography-font-weight:400;--button_margin-top:0px;--button_margin-right:0px;--button_margin-bottom:0px;--button_margin-left:0px;\" target=\"_self\" title=\"Access to the Herg\u00f3m cookers catalogue \" aria-label=\"Access to the Herg\u00f3m cookers catalogue \" href=\"https:\/\/staging.hergom.eurocastaliahost4.com\/productos\/c\/estufas-de-lena\/\"><i class=\"fa-eye fas button-icon-left\" aria-hidden=\"true\"><\/i><span class=\"fusion-button-text\">Access to the Herg\u00f3m cookers catalogue <\/span><\/a><\/div><div class=\"fusion-clearfix\"><\/div><\/div><\/div><div class=\"fusion-layout-column fusion_builder_column fusion-builder-column-4 fusion_builder_column_1_2 1_2 fusion-one-half fusion-column-last colFlex imagen\" style=\"--awb-bg-size:cover;width:50%;width:calc(50% - ( ( 0px ) * 0.5 ) );\"><div class=\"fusion-column-wrapper fusion-column-has-shadow fusion-flex-column-wrapper-legacy\"><div class=\"fusion-image-element in-legacy-container\" style=\"--awb-aspect-ratio:5 \/ 4;--awb-margin-top:0px;--awb-margin-right:0px;--awb-margin-bottom:0px;--awb-margin-left:0px;--awb-caption-title-font-family:var(--h2_typography-font-family);--awb-caption-title-font-weight:var(--h2_typography-font-weight);--awb-caption-title-font-style:var(--h2_typography-font-style);--awb-caption-title-size:var(--h2_typography-font-size);--awb-caption-title-transform:var(--h2_typography-text-transform);--awb-caption-title-line-height:var(--h2_typography-line-height);--awb-caption-title-letter-spacing:var(--h2_typography-letter-spacing);\"><span class=\" fusion-imageframe imageframe-none imageframe-2 hover-type-zoomin has-aspect-ratio\"><img decoding=\"async\" width=\"502\" height=\"447\" alt=\"Wood-burning stoves\" title=\"Imagen-estufas-de-lena\" src=\"https:\/\/staging.hergom.eurocastaliahost4.com\/wp-content\/uploads\/2022\/12\/imagen-estufas-de-lena.jpg\" data-orig-src=\"https:\/\/staging.hergom.eurocastaliahost4.com\/wp-content\/uploads\/2022\/12\/imagen-estufas-de-lena.jpg\" class=\"lazyload img-responsive wp-image-19832 img-with-aspect-ratio\" srcset=\"data:image\/svg+xml,%3Csvg%20xmlns%3D%27http%3A%2F%2Fwww.w3.org%2F2000%2Fsvg%27%20width%3D%27502%27%20height%3D%27447%27%20viewBox%3D%270%200%20502%20447%27%3E%3Crect%20width%3D%27502%27%20height%3D%27447%27%20fill-opacity%3D%220%22%2F%3E%3C%2Fsvg%3E\" data-srcset=\"https:\/\/staging.hergom.eurocastaliahost4.com\/wp-content\/uploads\/2022\/12\/imagen-estufas-de-lena-200x178.jpg 200w, https:\/\/staging.hergom.eurocastaliahost4.com\/wp-content\/uploads\/2022\/12\/imagen-estufas-de-lena-400x356.jpg 400w, https:\/\/staging.hergom.eurocastaliahost4.com\/wp-content\/uploads\/2022\/12\/imagen-estufas-de-lena.jpg 502w\" data-sizes=\"auto\" data-orig-sizes=\"(max-width: 800px) 100vw, 502px\" \/><\/span><\/div><div class=\"fusion-clearfix\"><\/div><\/div><\/div><\/div><\/div><div class=\"fusion-fullwidth fullwidth-box fusion-builder-row-5 contenedorCategoria derecha nonhundred-percent-fullwidth non-hundred-percent-height-scrolling fusion-animated\" style=\"--awb-border-radius-top-left:0px;--awb-border-radius-top-right:0px;--awb-border-radius-bottom-right:0px;--awb-border-radius-bottom-left:0px;--awb-padding-top:0px;--awb-padding-bottom:0px;--awb-margin-top:32px;--awb-margin-bottom:0px;--awb-background-color:#f7f7f7;--awb-flex-wrap:wrap;\" data-animationType=\"fadeInLeft\" data-animationDuration=\"1.1\" data-animationOffset=\"top-mid-of-view\" ><div class=\"fusion-builder-row fusion-row\"><div class=\"fusion-layout-column fusion_builder_column fusion-builder-column-5 fusion_builder_column_1_2 1_2 fusion-one-half fusion-column-first colFlex imagen\" style=\"--awb-padding-top:6%;--awb-padding-bottom:3%;--awb-bg-size:cover;width:50%;width:calc(50% - ( ( 0px ) * 0.5 ) );margin-right: 0px;\"><div class=\"fusion-column-wrapper fusion-column-has-shadow fusion-flex-column-wrapper-legacy\"><div class=\"fusion-image-element in-legacy-container\" style=\"--awb-aspect-ratio:5 \/ 4;--awb-margin-top:0px;--awb-margin-right:0px;--awb-margin-bottom:0px;--awb-margin-left:0px;--awb-caption-title-font-family:var(--h2_typography-font-family);--awb-caption-title-font-weight:var(--h2_typography-font-weight);--awb-caption-title-font-style:var(--h2_typography-font-style);--awb-caption-title-size:var(--h2_typography-font-size);--awb-caption-title-transform:var(--h2_typography-text-transform);--awb-caption-title-line-height:var(--h2_typography-line-height);--awb-caption-title-letter-spacing:var(--h2_typography-letter-spacing);\"><span class=\" fusion-imageframe imageframe-none imageframe-3 hover-type-zoomin has-aspect-ratio\"><img decoding=\"async\" width=\"502\" height=\"447\" alt=\"Estufas de pellets\" title=\"Imagen-estufas-de-pellets\" src=\"https:\/\/staging.hergom.eurocastaliahost4.com\/wp-content\/uploads\/2022\/12\/imagen-estufas-de-pellets.jpg\" data-orig-src=\"https:\/\/staging.hergom.eurocastaliahost4.com\/wp-content\/uploads\/2022\/12\/imagen-estufas-de-pellets.jpg\" class=\"lazyload img-responsive wp-image-19837 img-with-aspect-ratio\" srcset=\"data:image\/svg+xml,%3Csvg%20xmlns%3D%27http%3A%2F%2Fwww.w3.org%2F2000%2Fsvg%27%20width%3D%27502%27%20height%3D%27447%27%20viewBox%3D%270%200%20502%20447%27%3E%3Crect%20width%3D%27502%27%20height%3D%27447%27%20fill-opacity%3D%220%22%2F%3E%3C%2Fsvg%3E\" data-srcset=\"https:\/\/staging.hergom.eurocastaliahost4.com\/wp-content\/uploads\/2022\/12\/imagen-estufas-de-pellets-200x178.jpg 200w, https:\/\/staging.hergom.eurocastaliahost4.com\/wp-content\/uploads\/2022\/12\/imagen-estufas-de-pellets-400x356.jpg 400w, https:\/\/staging.hergom.eurocastaliahost4.com\/wp-content\/uploads\/2022\/12\/imagen-estufas-de-pellets.jpg 502w\" data-sizes=\"auto\" data-orig-sizes=\"(max-width: 800px) 100vw, 502px\" \/><\/span><\/div><div class=\"fusion-clearfix\"><\/div><\/div><\/div><div class=\"fusion-layout-column fusion_builder_column fusion-builder-column-6 fusion_builder_column_1_2 1_2 fusion-one-half fusion-column-last colFlex datos\" style=\"--awb-padding-top:6%;--awb-padding-bottom:3%;--awb-bg-size:cover;width:50%;width:calc(50% - ( ( 0px ) * 0.5 ) );\"><div class=\"fusion-column-wrapper fusion-column-has-shadow fusion-flex-column-wrapper-legacy\"><div class=\"fusion-title title fusion-title-4 fusion-sep-none fusion-title-text fusion-title-size-one tituloH1Apartado\" style=\"--awb-text-color:#c70c26;--awb-margin-bottom:0px;--awb-margin-bottom-small:0px;--awb-font-size:2.4rem;\"><h1 class=\"fusion-title-heading title-heading-left\" style=\"font-family:&quot;Fira Sans&quot;;font-style:italic;font-weight:500;margin:0;font-size:1em;line-height:125%;\">Pellet-burning stoves<\/h1><\/div><div class=\"fusion-text fusion-text-4 fusion-text-no-margin textoEditor\" style=\"--awb-font-size:1.6rem;--awb-line-height:150%;--awb-margin-top:24px;--awb-margin-right:0px;--awb-margin-bottom:32px;--awb-margin-left:0px;--awb-text-font-family:&quot;Fira Sans&quot;;--awb-text-font-style:normal;--awb-text-font-weight:400;\"><p>If you are looking for a sustainable alternative to wood, don&#8217;t miss our Enza Series of wood pellet stoves: a biomass fuel, made from recycled tree pruning waste and wood with an important heat capacity, efficient and sustainable. With its two models, you can enjoy automated and programmable heating, with built-in thermostat, combustion chamber and cast iron brazier, very long-lasting, they can be standard models, ductable air and radiator heaters.<\/p>\n<\/div><div class=\"fusion-button-wrapper\"><a class=\"fusion-button button-flat fusion-button-default-size button-custom fusion-button-default button-2 fusion-button-default-span fusion-button-default-type btn\" style=\"--button_accent_color:#ffffff;--button_border_color:#ad001c;--button_accent_hover_color:#ffffff;--button_border_hover_color:#000000;--button_border_width-top:1px;--button_border_width-right:1px;--button_border_width-bottom:1px;--button_border_width-left:1px;--button-border-radius-top-left:12px;--button-border-radius-top-right:12px;--button-border-radius-bottom-right:12px;--button-border-radius-bottom-left:12px;--button_gradient_top_color:#ad001c;--button_gradient_bottom_color:#ad001c;--button_gradient_top_color_hover:#000000;--button_gradient_bottom_color_hover:#000000;--button_text_transform:none;--button_font_size:1.6rem;--button_line_height:125%;--button_padding-top:16px;--button_padding-right:16px;--button_padding-bottom:16px;--button_padding-left:16px;--button_typography-font-family:&quot;Fira Sans&quot;;--button_typography-font-style:normal;--button_typography-font-weight:400;--button_margin-top:0px;--button_margin-right:0px;--button_margin-bottom:0px;--button_margin-left:0px;\" target=\"_self\" title=\"Discover the Enza Series\" aria-label=\"Discover the Enza Series\" href=\"https:\/\/staging.hergom.eurocastaliahost4.com\/en\/productos\/c\/pellet-burning-stoves\/\"><i class=\"fa-eye fas button-icon-left\" aria-hidden=\"true\"><\/i><span class=\"fusion-button-text\">Discover the Enza Series<\/span><\/a><\/div><div class=\"fusion-clearfix\"><\/div><\/div><\/div><\/div><\/div><\/p>\n","protected":false},"excerpt":{"rendered":"","protected":false},"author":1,"featured_media":0,"parent":0,"menu_order":0,"comment_status":"closed","ping_status":"closed","template":"100-width.php","meta":{"_acf_changed":false,"_monsterinsights_skip_tracking":false,"_monsterinsights_sitenote_active":false,"_monsterinsights_sitenote_note":"","_monsterinsights_sitenote_category":0,"_uf_show_specific_survey":0,"_uf_disable_surveys":false,"footnotes":""},"class_list":["post-21327","page","type-page","status-publish","hentry"],"acf":[],"yoast_head":"<!-- This site is optimized with the Yoast SEO plugin v24.5 - https:\/\/yoast.com\/wordpress\/plugins\/seo\/ -->\n<title>Stoves - Hergom<\/title>\n<meta name=\"description\" content=\"Made of cast iron, Herg\u00f3m cookers feature unique combustion designs that provide efficient and clean combustion.\" \/>\n<meta name=\"robots\" content=\"noindex, follow, max-snippet:-1, max-image-preview:large, max-video-preview:-1\" \/>\n<meta property=\"og:locale\" content=\"en_US\" \/>\n<meta property=\"og:type\" content=\"article\" \/>\n<meta property=\"og:title\" content=\"Stoves - Hergom\" \/>\n<meta property=\"og:description\" content=\"Made of cast iron, Herg\u00f3m cookers feature unique combustion designs that provide efficient and clean combustion.\" \/>\n<meta property=\"og:url\" content=\"https:\/\/staging.hergom.eurocastaliahost4.com\/en\/stoves\/\" \/>\n<meta property=\"og:site_name\" content=\"Hergom\" \/>\n<meta property=\"article:modified_time\" content=\"2023-11-23T11:39:28+00:00\" \/>\n<meta name=\"twitter:card\" content=\"summary_large_image\" \/>\n<meta name=\"twitter:label1\" content=\"Est. reading time\" \/>\n\t<meta name=\"twitter:data1\" content=\"32 minutes\" \/>\n<script type=\"application\/ld+json\" class=\"yoast-schema-graph\">{\"@context\":\"https:\/\/schema.org\",\"@graph\":[{\"@type\":\"WebPage\",\"@id\":\"https:\/\/staging.hergom.eurocastaliahost4.com\/en\/stoves\/\",\"url\":\"https:\/\/staging.hergom.eurocastaliahost4.com\/en\/stoves\/\",\"name\":\"Stoves - Hergom\",\"isPartOf\":{\"@id\":\"https:\/\/staging.hergom.eurocastaliahost4.com\/en\/#website\"},\"datePublished\":\"2022-05-30T20:07:22+00:00\",\"dateModified\":\"2023-11-23T11:39:28+00:00\",\"description\":\"Made of cast iron, Herg\u00f3m cookers feature unique combustion designs that provide efficient and clean combustion.\",\"breadcrumb\":{\"@id\":\"https:\/\/staging.hergom.eurocastaliahost4.com\/en\/stoves\/#breadcrumb\"},\"inLanguage\":\"en-US\",\"potentialAction\":[{\"@type\":\"ReadAction\",\"target\":[\"https:\/\/staging.hergom.eurocastaliahost4.com\/en\/stoves\/\"]}]},{\"@type\":\"BreadcrumbList\",\"@id\":\"https:\/\/staging.hergom.eurocastaliahost4.com\/en\/stoves\/#breadcrumb\",\"itemListElement\":[{\"@type\":\"ListItem\",\"position\":1,\"name\":\"Home\",\"item\":\"https:\/\/staging.hergom.eurocastaliahost4.com\/en\/\"},{\"@type\":\"ListItem\",\"position\":2,\"name\":\"Stoves\"}]},{\"@type\":\"WebSite\",\"@id\":\"https:\/\/staging.hergom.eurocastaliahost4.com\/en\/#website\",\"url\":\"https:\/\/staging.hergom.eurocastaliahost4.com\/en\/\",\"name\":\"Hergom\",\"description\":\"Estufas de le\u00f1a y pellets. Chimeneas de le\u00f1a y gas. Cocinas de le\u00f1a\",\"potentialAction\":[{\"@type\":\"SearchAction\",\"target\":{\"@type\":\"EntryPoint\",\"urlTemplate\":\"https:\/\/staging.hergom.eurocastaliahost4.com\/en\/?s={search_term_string}\"},\"query-input\":{\"@type\":\"PropertyValueSpecification\",\"valueRequired\":true,\"valueName\":\"search_term_string\"}}],\"inLanguage\":\"en-US\"}]}<\/script>\n<!-- \/ Yoast SEO plugin. -->","yoast_head_json":{"title":"Stoves - Hergom","description":"Made of cast iron, Herg\u00f3m cookers feature unique combustion designs that provide efficient and clean combustion.","robots":{"index":"noindex","follow":"follow","max-snippet":"max-snippet:-1","max-image-preview":"max-image-preview:large","max-video-preview":"max-video-preview:-1"},"og_locale":"en_US","og_type":"article","og_title":"Stoves - Hergom","og_description":"Made of cast iron, Herg\u00f3m cookers feature unique combustion designs that provide efficient and clean combustion.","og_url":"https:\/\/staging.hergom.eurocastaliahost4.com\/en\/stoves\/","og_site_name":"Hergom","article_modified_time":"2023-11-23T11:39:28+00:00","twitter_card":"summary_large_image","twitter_misc":{"Est. reading time":"32 minutes"},"schema":{"@context":"https:\/\/schema.org","@graph":[{"@type":"WebPage","@id":"https:\/\/staging.hergom.eurocastaliahost4.com\/en\/stoves\/","url":"https:\/\/staging.hergom.eurocastaliahost4.com\/en\/stoves\/","name":"Stoves - Hergom","isPartOf":{"@id":"https:\/\/staging.hergom.eurocastaliahost4.com\/en\/#website"},"datePublished":"2022-05-30T20:07:22+00:00","dateModified":"2023-11-23T11:39:28+00:00","description":"Made of cast iron, Herg\u00f3m cookers feature unique combustion designs that provide efficient and clean combustion.","breadcrumb":{"@id":"https:\/\/staging.hergom.eurocastaliahost4.com\/en\/stoves\/#breadcrumb"},"inLanguage":"en-US","potentialAction":[{"@type":"ReadAction","target":["https:\/\/staging.hergom.eurocastaliahost4.com\/en\/stoves\/"]}]},{"@type":"BreadcrumbList","@id":"https:\/\/staging.hergom.eurocastaliahost4.com\/en\/stoves\/#breadcrumb","itemListElement":[{"@type":"ListItem","position":1,"name":"Home","item":"https:\/\/staging.hergom.eurocastaliahost4.com\/en\/"},{"@type":"ListItem","position":2,"name":"Stoves"}]},{"@type":"WebSite","@id":"https:\/\/staging.hergom.eurocastaliahost4.com\/en\/#website","url":"https:\/\/staging.hergom.eurocastaliahost4.com\/en\/","name":"Hergom","description":"Estufas de le\u00f1a y pellets. Chimeneas de le\u00f1a y gas. Cocinas de le\u00f1a","potentialAction":[{"@type":"SearchAction","target":{"@type":"EntryPoint","urlTemplate":"https:\/\/staging.hergom.eurocastaliahost4.com\/en\/?s={search_term_string}"},"query-input":{"@type":"PropertyValueSpecification","valueRequired":true,"valueName":"search_term_string"}}],"inLanguage":"en-US"}]}},"_links":{"self":[{"href":"https:\/\/staging.hergom.eurocastaliahost4.com\/en\/wp-json\/wp\/v2\/pages\/21327","targetHints":{"allow":["GET"]}}],"collection":[{"href":"https:\/\/staging.hergom.eurocastaliahost4.com\/en\/wp-json\/wp\/v2\/pages"}],"about":[{"href":"https:\/\/staging.hergom.eurocastaliahost4.com\/en\/wp-json\/wp\/v2\/types\/page"}],"author":[{"embeddable":true,"href":"https:\/\/staging.hergom.eurocastaliahost4.com\/en\/wp-json\/wp\/v2\/users\/1"}],"replies":[{"embeddable":true,"href":"https:\/\/staging.hergom.eurocastaliahost4.com\/en\/wp-json\/wp\/v2\/comments?post=21327"}],"version-history":[{"count":0,"href":"https:\/\/staging.hergom.eurocastaliahost4.com\/en\/wp-json\/wp\/v2\/pages\/21327\/revisions"}],"wp:attachment":[{"href":"https:\/\/staging.hergom.eurocastaliahost4.com\/en\/wp-json\/wp\/v2\/media?parent=21327"}],"curies":[{"name":"wp","href":"https:\/\/api.w.org\/{rel}","templated":true}]}}